{"id":23,"date":"2025-09-29T09:18:38","date_gmt":"2025-09-29T09:18:38","guid":{"rendered":"https:\/\/naiaramartinezhaircare.rkinformatika.online\/?page_id=23"},"modified":"2025-10-03T12:58:19","modified_gmt":"2025-10-03T12:58:19","slug":"inicio","status":"publish","type":"page","link":"https:\/\/naiaramartinezhaircare.com\/en\/","title":{"rendered":"Inicio"},"content":{"rendered":"<div data-elementor-type=\"wp-page\" data-elementor-id=\"23\" class=\"elementor elementor-23\" data-elementor-post-type=\"page\">\n\t\t\t\t<div class=\"elementor-element elementor-element-27a3663 e-flex e-con-boxed e-con e-parent\" data-id=\"27a3663\" data-element_type=\"container\" data-e-type=\"container\" data-settings=\"{&quot;background_background&quot;:&quot;classic&quot;}\">\n\t\t\t\t\t<div class=\"e-con-inner\">\n\t\t\t\t<div class=\"elementor-element elementor-element-6a1aa1e elementor-widget__width-initial elementor-widget-tablet__width-inherit elementor-invisible elementor-widget elementor-widget-heading\" data-id=\"6a1aa1e\" data-element_type=\"widget\" data-e-type=\"widget\" data-settings=\"{&quot;_animation&quot;:&quot;fadeInLeft&quot;}\" data-widget_type=\"heading.default\">\n\t\t\t\t\t<h2 class=\"elementor-heading-title elementor-size-default\">Naiara Mart\u00ednez<\/h2>\t\t\t\t<\/div>\n\t\t\t\t<div class=\"elementor-element elementor-element-d148593 elementor-widget__width-initial elementor-widget-tablet__width-inherit elementor-invisible elementor-widget elementor-widget-text-editor\" data-id=\"d148593\" data-element_type=\"widget\" data-e-type=\"widget\" data-settings=\"{&quot;_animation&quot;:&quot;fadeInUp&quot;}\" data-widget_type=\"text-editor.default\">\n\t\t\t\t\t\t\t\t\t<p>Hair Care<\/p>\t\t\t\t\t\t\t\t<\/div>\n\t\t\t\t<div class=\"elementor-element elementor-element-dbce265 elementor-widget elementor-widget-button\" data-id=\"dbce265\" data-element_type=\"widget\" data-e-type=\"widget\" data-widget_type=\"button.default\">\n\t\t\t\t\t\t\t\t\t\t<a class=\"elementor-button elementor-button-link elementor-size-sm\" href=\"https:\/\/naiaramartinezhaircare.com\/tienda\/\">\n\t\t\t\t\t\t<span class=\"elementor-button-content-wrapper\">\n\t\t\t\t\t\t\t\t\t<span class=\"elementor-button-text\">TIENDA<\/span>\n\t\t\t\t\t<\/span>\n\t\t\t\t\t<\/a>\n\t\t\t\t\t\t\t\t<\/div>\n\t\t\t\t\t<\/div>\n\t\t\t\t<\/div>\n\t\t<div class=\"elementor-element elementor-element-14ca691 e-flex e-con-boxed e-con e-parent\" data-id=\"14ca691\" data-element_type=\"container\" data-e-type=\"container\" data-settings=\"{&quot;background_background&quot;:&quot;classic&quot;}\">\n\t\t\t\t\t<div class=\"e-con-inner\">\n\t\t<div class=\"elementor-element elementor-element-e1304de e-con-full e-flex e-con e-child\" data-id=\"e1304de\" data-element_type=\"container\" data-e-type=\"container\">\n\t\t\t\t<div class=\"elementor-element elementor-element-8f578a9 elementor-widget elementor-widget-heading\" data-id=\"8f578a9\" data-element_type=\"widget\" data-e-type=\"widget\" data-widget_type=\"heading.default\">\n\t\t\t\t\t<h2 class=\"elementor-heading-title elementor-size-default\">Sobre Nosotros<\/h2>\t\t\t\t<\/div>\n\t\t\t\t<div class=\"elementor-element elementor-element-be41146 elementor-widget elementor-widget-text-editor\" data-id=\"be41146\" data-element_type=\"widget\" data-e-type=\"widget\" data-widget_type=\"text-editor.default\">\n\t\t\t\t\t\t\t\t\t<p data-start=\"138\" data-end=\"404\">Naiara Mart\u00ednez Hair Care nace de la ilusi\u00f3n, pasi\u00f3n y dedicaci\u00f3n por nuestro trabajo, en donde la felicidad, satisfacci\u00f3n y privacidad de cada cliente es nuestra prioridad. M\u00e1s que un sal\u00f3n, es un oasis de desconexi\u00f3n y relajaci\u00f3n en el que encontrar\u00e9is las t\u00e9cnicas m\u00e1s actuales y personalizadas para cada melena, y dejaros as\u00ed mimar a manos de nuestro equipo.<\/p>\t\t\t\t\t\t\t\t<\/div>\n\t\t\t\t<\/div>\n\t\t<div class=\"elementor-element elementor-element-206e0c2 e-con-full e-flex e-con e-child\" data-id=\"206e0c2\" data-element_type=\"container\" data-e-type=\"container\">\n\t\t\t\t<div class=\"elementor-element elementor-element-ed15c6e elementor-widget elementor-widget-image\" data-id=\"ed15c6e\" data-element_type=\"widget\" data-e-type=\"widget\" data-widget_type=\"image.default\">\n\t\t\t\t\t\t\t\t\t\t\t\t\t\t\t<img fetchpriority=\"high\" decoding=\"async\" width=\"1920\" height=\"2560\" src=\"https:\/\/naiaramartinezhaircare.com\/wp-content\/uploads\/2025\/10\/WhatsApp-Image-2025-10-03-at-13.49.48-scaled.jpeg\" class=\"attachment-full size-full wp-image-409\" alt=\"\" srcset=\"https:\/\/naiaramartinezhaircare.com\/wp-content\/uploads\/2025\/10\/WhatsApp-Image-2025-10-03-at-13.49.48-scaled.jpeg 1920w, https:\/\/naiaramartinezhaircare.com\/wp-content\/uploads\/2025\/10\/WhatsApp-Image-2025-10-03-at-13.49.48-225x300.jpeg 225w, https:\/\/naiaramartinezhaircare.com\/wp-content\/uploads\/2025\/10\/WhatsApp-Image-2025-10-03-at-13.49.48-768x1024.jpeg 768w, https:\/\/naiaramartinezhaircare.com\/wp-content\/uploads\/2025\/10\/WhatsApp-Image-2025-10-03-at-13.49.48-1152x1536.jpeg 1152w, https:\/\/naiaramartinezhaircare.com\/wp-content\/uploads\/2025\/10\/WhatsApp-Image-2025-10-03-at-13.49.48-1536x2048.jpeg 1536w, https:\/\/naiaramartinezhaircare.com\/wp-content\/uploads\/2025\/10\/WhatsApp-Image-2025-10-03-at-13.49.48-9x12.jpeg 9w, https:\/\/naiaramartinezhaircare.com\/wp-content\/uploads\/2025\/10\/WhatsApp-Image-2025-10-03-at-13.49.48-600x800.jpeg 600w\" sizes=\"(max-width: 1920px) 100vw, 1920px\" \/>\t\t\t\t\t\t\t\t\t\t\t\t\t\t\t<\/div>\n\t\t\t\t<\/div>\n\t\t\t\t\t<\/div>\n\t\t\t\t<\/div>\n\t\t<div class=\"elementor-element elementor-element-e6c6018 e-con-full e-flex e-con e-parent\" data-id=\"e6c6018\" data-element_type=\"container\" data-e-type=\"container\" data-settings=\"{&quot;background_background&quot;:&quot;classic&quot;}\">\n\t\t\t\t<div class=\"elementor-element elementor-element-cc245fe elementor-cta--skin-cover elementor-cta--valign-middle elementor-animated-content elementor-bg-transform elementor-bg-transform-zoom-in elementor-widget elementor-widget-call-to-action\" data-id=\"cc245fe\" data-element_type=\"widget\" data-e-type=\"widget\" data-widget_type=\"call-to-action.default\">\n\t\t\t\t\t\t\t<div class=\"elementor-cta\">\n\t\t\t\t\t<div class=\"elementor-cta__bg-wrapper\">\n\t\t\t\t<div class=\"elementor-cta__bg elementor-bg\" style=\"background-image: url(https:\/\/naiaramartinezhaircare.com\/wp-content\/uploads\/2025\/09\/44061-1024x256.jpg);\" role=\"img\" aria-label=\"44061\"><\/div>\n\t\t\t\t<div class=\"elementor-cta__bg-overlay\"><\/div>\n\t\t\t<\/div>\n\t\t\t\t\t\t\t<div class=\"elementor-cta__content\">\n\t\t\t\t\n\t\t\t\t\t\t\t\t\t<h2 class=\"elementor-cta__title elementor-cta__content-item elementor-content-item elementor-animated-item--grow\">\n\t\t\t\t\t\tCortes y peinados unisex\t\t\t\t\t<\/h2>\n\t\t\t\t\n\t\t\t\t\t\t\t\t\t<div class=\"elementor-cta__description elementor-cta__content-item elementor-content-item elementor-animated-item--grow\">\n\t\t\t\t\t\tTratamientos capilares especializados para la ca\u00edda del cabello y su regeneraci\u00f3n.\t\t\t\t\t<\/div>\n\t\t\t\t\n\t\t\t\t\t\t\t\t\t<div class=\"elementor-cta__button-wrapper elementor-cta__content-item elementor-content-item elementor-animated-item--grow\">\n\t\t\t\t\t<a class=\"elementor-cta__button elementor-button elementor-size-\" href=\"https:\/\/naiaramartinezhaircare.com\/servicios\/\">\n\t\t\t\t\t\tSERVICIOS\t\t\t\t\t<\/a>\n\t\t\t\t\t<\/div>\n\t\t\t\t\t\t\t<\/div>\n\t\t\t\t\t\t<\/div>\n\t\t\t\t\t\t<\/div>\n\t\t\t\t<\/div>\n\t\t<div class=\"elementor-element elementor-element-c898c46 e-flex e-con-boxed e-con e-parent\" data-id=\"c898c46\" data-element_type=\"container\" data-e-type=\"container\">\n\t\t\t\t\t<div class=\"e-con-inner\">\n\t\t\t\t\t<\/div>\n\t\t\t\t<\/div>\n\t\t\t\t<\/div>","protected":false},"excerpt":{"rendered":"<p>Naiara Mart\u00ednez Hair Care TIENDA Sobre Nosotros Naiara Mart\u00ednez Hair Care nace de la ilusi\u00f3n, pasi\u00f3n y dedicaci\u00f3n por nuestro trabajo, en donde la felicidad, satisfacci\u00f3n y privacidad de cada cliente es nuestra prioridad. M\u00e1s que un sal\u00f3n, es un oasis de desconexi\u00f3n y relajaci\u00f3n en el que encontrar\u00e9is las t\u00e9cnicas m\u00e1s actuales y personalizadas [&hellip;]<\/p>\n","protected":false},"author":1,"featured_media":0,"parent":0,"menu_order":0,"comment_status":"closed","ping_status":"closed","template":"elementor_canvas","meta":{"footnotes":""},"class_list":["post-23","page","type-page","status-publish","hentry"],"yoast_head":"<!-- This site is optimized with the Yoast SEO plugin v27.3 - https:\/\/yoast.com\/product\/yoast-seo-wordpress\/ -->\n<title>Inicio - Naiara Mart\u00ednez Hair Care<\/title>\n<meta name=\"robots\" content=\"index, follow, max-snippet:-1, max-image-preview:large, max-video-preview:-1\" \/>\n<link rel=\"canonical\" href=\"https:\/\/naiaramartinezhaircare.com\/en\/\" \/>\n<meta property=\"og:locale\" content=\"en_GB\" \/>\n<meta property=\"og:type\" content=\"article\" \/>\n<meta property=\"og:title\" content=\"Inicio - Naiara Mart\u00ednez Hair Care\" \/>\n<meta property=\"og:description\" content=\"Naiara Mart\u00ednez Hair Care TIENDA Sobre Nosotros Naiara Mart\u00ednez Hair Care nace de la ilusi\u00f3n, pasi\u00f3n y dedicaci\u00f3n por nuestro trabajo, en donde la felicidad, satisfacci\u00f3n y privacidad de cada cliente es nuestra prioridad. M\u00e1s que un sal\u00f3n, es un oasis de desconexi\u00f3n y relajaci\u00f3n en el que encontrar\u00e9is las t\u00e9cnicas m\u00e1s actuales y personalizadas [&hellip;]\" \/>\n<meta property=\"og:url\" content=\"https:\/\/naiaramartinezhaircare.com\/en\/\" \/>\n<meta property=\"og:site_name\" content=\"Naiara Mart\u00ednez Hair Care\" \/>\n<meta property=\"article:modified_time\" content=\"2025-10-03T12:58:19+00:00\" \/>\n<meta property=\"og:image\" content=\"https:\/\/naiaramartinezhaircare.com\/wp-content\/uploads\/2025\/10\/WhatsApp-Image-2025-10-03-at-13.49.48-scaled.jpeg\" \/>\n<meta name=\"twitter:card\" content=\"summary_large_image\" \/>\n<meta name=\"twitter:label1\" content=\"Estimated reading time\" \/>\n\t<meta name=\"twitter:data1\" content=\"1 minute\" \/>\n<script type=\"application\/ld+json\" class=\"yoast-schema-graph\">{\"@context\":\"https:\\\/\\\/schema.org\",\"@graph\":[{\"@type\":\"WebPage\",\"@id\":\"https:\\\/\\\/naiaramartinezhaircare.com\\\/\",\"url\":\"https:\\\/\\\/naiaramartinezhaircare.com\\\/\",\"name\":\"Inicio - Naiara Mart\u00ednez Hair Care\",\"isPartOf\":{\"@id\":\"https:\\\/\\\/naiaramartinezhaircare.com\\\/#website\"},\"primaryImageOfPage\":{\"@id\":\"https:\\\/\\\/naiaramartinezhaircare.com\\\/#primaryimage\"},\"image\":{\"@id\":\"https:\\\/\\\/naiaramartinezhaircare.com\\\/#primaryimage\"},\"thumbnailUrl\":\"https:\\\/\\\/naiaramartinezhaircare.com\\\/wp-content\\\/uploads\\\/2025\\\/10\\\/WhatsApp-Image-2025-10-03-at-13.49.48-scaled.jpeg\",\"datePublished\":\"2025-09-29T09:18:38+00:00\",\"dateModified\":\"2025-10-03T12:58:19+00:00\",\"breadcrumb\":{\"@id\":\"https:\\\/\\\/naiaramartinezhaircare.com\\\/#breadcrumb\"},\"inLanguage\":\"en-GB\",\"potentialAction\":[{\"@type\":\"ReadAction\",\"target\":[\"https:\\\/\\\/naiaramartinezhaircare.com\\\/\"]}]},{\"@type\":\"ImageObject\",\"inLanguage\":\"en-GB\",\"@id\":\"https:\\\/\\\/naiaramartinezhaircare.com\\\/#primaryimage\",\"url\":\"https:\\\/\\\/naiaramartinezhaircare.com\\\/wp-content\\\/uploads\\\/2025\\\/10\\\/WhatsApp-Image-2025-10-03-at-13.49.48-scaled.jpeg\",\"contentUrl\":\"https:\\\/\\\/naiaramartinezhaircare.com\\\/wp-content\\\/uploads\\\/2025\\\/10\\\/WhatsApp-Image-2025-10-03-at-13.49.48-scaled.jpeg\"},{\"@type\":\"BreadcrumbList\",\"@id\":\"https:\\\/\\\/naiaramartinezhaircare.com\\\/#breadcrumb\",\"itemListElement\":[{\"@type\":\"ListItem\",\"position\":1,\"name\":\"Portada\",\"item\":\"https:\\\/\\\/naiaramartinezhaircare.com\\\/\"},{\"@type\":\"ListItem\",\"position\":2,\"name\":\"Inicio\"}]},{\"@type\":\"WebSite\",\"@id\":\"https:\\\/\\\/naiaramartinezhaircare.com\\\/#website\",\"url\":\"https:\\\/\\\/naiaramartinezhaircare.com\\\/\",\"name\":\"Naiara Mart\u00ednez Hair Care\",\"description\":\"Cuidado del cabello\",\"publisher\":{\"@id\":\"https:\\\/\\\/naiaramartinezhaircare.com\\\/#organization\"},\"potentialAction\":[{\"@type\":\"SearchAction\",\"target\":{\"@type\":\"EntryPoint\",\"urlTemplate\":\"https:\\\/\\\/naiaramartinezhaircare.com\\\/?s={search_term_string}\"},\"query-input\":{\"@type\":\"PropertyValueSpecification\",\"valueRequired\":true,\"valueName\":\"search_term_string\"}}],\"inLanguage\":\"en-GB\"},{\"@type\":\"Organization\",\"@id\":\"https:\\\/\\\/naiaramartinezhaircare.com\\\/#organization\",\"name\":\"Naiara Mart\u00ednez Hair Care\",\"url\":\"https:\\\/\\\/naiaramartinezhaircare.com\\\/\",\"logo\":{\"@type\":\"ImageObject\",\"inLanguage\":\"en-GB\",\"@id\":\"https:\\\/\\\/naiaramartinezhaircare.com\\\/#\\\/schema\\\/logo\\\/image\\\/\",\"url\":\"https:\\\/\\\/naiaramartinezhaircare.com\\\/wp-content\\\/uploads\\\/2025\\\/09\\\/cropped-Diseno-sin-titulo-2.png\",\"contentUrl\":\"https:\\\/\\\/naiaramartinezhaircare.com\\\/wp-content\\\/uploads\\\/2025\\\/09\\\/cropped-Diseno-sin-titulo-2.png\",\"width\":467,\"height\":130,\"caption\":\"Naiara Mart\u00ednez Hair Care\"},\"image\":{\"@id\":\"https:\\\/\\\/naiaramartinezhaircare.com\\\/#\\\/schema\\\/logo\\\/image\\\/\"}}]}<\/script>\n<!-- \/ Yoast SEO plugin. -->","yoast_head_json":{"title":"Inicio - Naiara Mart\u00ednez Hair Care","robots":{"index":"index","follow":"follow","max-snippet":"max-snippet:-1","max-image-preview":"max-image-preview:large","max-video-preview":"max-video-preview:-1"},"canonical":"https:\/\/naiaramartinezhaircare.com\/en\/","og_locale":"en_GB","og_type":"article","og_title":"Inicio - Naiara Mart\u00ednez Hair Care","og_description":"Naiara Mart\u00ednez Hair Care TIENDA Sobre Nosotros Naiara Mart\u00ednez Hair Care nace de la ilusi\u00f3n, pasi\u00f3n y dedicaci\u00f3n por nuestro trabajo, en donde la felicidad, satisfacci\u00f3n y privacidad de cada cliente es nuestra prioridad. M\u00e1s que un sal\u00f3n, es un oasis de desconexi\u00f3n y relajaci\u00f3n en el que encontrar\u00e9is las t\u00e9cnicas m\u00e1s actuales y personalizadas [&hellip;]","og_url":"https:\/\/naiaramartinezhaircare.com\/en\/","og_site_name":"Naiara Mart\u00ednez Hair Care","article_modified_time":"2025-10-03T12:58:19+00:00","og_image":[{"url":"https:\/\/naiaramartinezhaircare.com\/wp-content\/uploads\/2025\/10\/WhatsApp-Image-2025-10-03-at-13.49.48-scaled.jpeg","type":"","width":"","height":""}],"twitter_card":"summary_large_image","twitter_misc":{"Estimated reading time":"1 minute"},"schema":{"@context":"https:\/\/schema.org","@graph":[{"@type":"WebPage","@id":"https:\/\/naiaramartinezhaircare.com\/","url":"https:\/\/naiaramartinezhaircare.com\/","name":"Inicio - Naiara Mart\u00ednez Hair Care","isPartOf":{"@id":"https:\/\/naiaramartinezhaircare.com\/#website"},"primaryImageOfPage":{"@id":"https:\/\/naiaramartinezhaircare.com\/#primaryimage"},"image":{"@id":"https:\/\/naiaramartinezhaircare.com\/#primaryimage"},"thumbnailUrl":"https:\/\/naiaramartinezhaircare.com\/wp-content\/uploads\/2025\/10\/WhatsApp-Image-2025-10-03-at-13.49.48-scaled.jpeg","datePublished":"2025-09-29T09:18:38+00:00","dateModified":"2025-10-03T12:58:19+00:00","breadcrumb":{"@id":"https:\/\/naiaramartinezhaircare.com\/#breadcrumb"},"inLanguage":"en-GB","potentialAction":[{"@type":"ReadAction","target":["https:\/\/naiaramartinezhaircare.com\/"]}]},{"@type":"ImageObject","inLanguage":"en-GB","@id":"https:\/\/naiaramartinezhaircare.com\/#primaryimage","url":"https:\/\/naiaramartinezhaircare.com\/wp-content\/uploads\/2025\/10\/WhatsApp-Image-2025-10-03-at-13.49.48-scaled.jpeg","contentUrl":"https:\/\/naiaramartinezhaircare.com\/wp-content\/uploads\/2025\/10\/WhatsApp-Image-2025-10-03-at-13.49.48-scaled.jpeg"},{"@type":"BreadcrumbList","@id":"https:\/\/naiaramartinezhaircare.com\/#breadcrumb","itemListElement":[{"@type":"ListItem","position":1,"name":"Portada","item":"https:\/\/naiaramartinezhaircare.com\/"},{"@type":"ListItem","position":2,"name":"Inicio"}]},{"@type":"WebSite","@id":"https:\/\/naiaramartinezhaircare.com\/#website","url":"https:\/\/naiaramartinezhaircare.com\/","name":"Naiara Mart\u00ednez Hair Care","description":"Cuidado del cabello","publisher":{"@id":"https:\/\/naiaramartinezhaircare.com\/#organization"},"potentialAction":[{"@type":"SearchAction","target":{"@type":"EntryPoint","urlTemplate":"https:\/\/naiaramartinezhaircare.com\/?s={search_term_string}"},"query-input":{"@type":"PropertyValueSpecification","valueRequired":true,"valueName":"search_term_string"}}],"inLanguage":"en-GB"},{"@type":"Organization","@id":"https:\/\/naiaramartinezhaircare.com\/#organization","name":"Naiara Mart\u00ednez Hair Care","url":"https:\/\/naiaramartinezhaircare.com\/","logo":{"@type":"ImageObject","inLanguage":"en-GB","@id":"https:\/\/naiaramartinezhaircare.com\/#\/schema\/logo\/image\/","url":"https:\/\/naiaramartinezhaircare.com\/wp-content\/uploads\/2025\/09\/cropped-Diseno-sin-titulo-2.png","contentUrl":"https:\/\/naiaramartinezhaircare.com\/wp-content\/uploads\/2025\/09\/cropped-Diseno-sin-titulo-2.png","width":467,"height":130,"caption":"Naiara Mart\u00ednez Hair Care"},"image":{"@id":"https:\/\/naiaramartinezhaircare.com\/#\/schema\/logo\/image\/"}}]}},"_links":{"self":[{"href":"https:\/\/naiaramartinezhaircare.com\/en\/wp-json\/wp\/v2\/pages\/23","targetHints":{"allow":["GET"]}}],"collection":[{"href":"https:\/\/naiaramartinezhaircare.com\/en\/wp-json\/wp\/v2\/pages"}],"about":[{"href":"https:\/\/naiaramartinezhaircare.com\/en\/wp-json\/wp\/v2\/types\/page"}],"author":[{"embeddable":true,"href":"https:\/\/naiaramartinezhaircare.com\/en\/wp-json\/wp\/v2\/users\/1"}],"replies":[{"embeddable":true,"href":"https:\/\/naiaramartinezhaircare.com\/en\/wp-json\/wp\/v2\/comments?post=23"}],"version-history":[{"count":94,"href":"https:\/\/naiaramartinezhaircare.com\/en\/wp-json\/wp\/v2\/pages\/23\/revisions"}],"predecessor-version":[{"id":421,"href":"https:\/\/naiaramartinezhaircare.com\/en\/wp-json\/wp\/v2\/pages\/23\/revisions\/421"}],"wp:attachment":[{"href":"https:\/\/naiaramartinezhaircare.com\/en\/wp-json\/wp\/v2\/media?parent=23"}],"curies":[{"name":"wp","href":"https:\/\/api.w.org\/{rel}","templated":true}]}}