{"id":328,"date":"2025-09-30T16:12:42","date_gmt":"2025-09-30T16:12:42","guid":{"rendered":"https:\/\/naiaramartinezhaircare.rkinformatika.online\/?page_id=328"},"modified":"2025-10-02T16:05:25","modified_gmt":"2025-10-02T16:05:25","slug":"servicios","status":"publish","type":"page","link":"https:\/\/naiaramartinezhaircare.com\/en\/servicios\/","title":{"rendered":"Servicios"},"content":{"rendered":"<div data-elementor-type=\"wp-page\" data-elementor-id=\"328\" class=\"elementor elementor-328\" data-elementor-post-type=\"page\">\n\t\t\t\t<div class=\"elementor-element elementor-element-27a3663 e-flex e-con-boxed e-con e-parent\" data-id=\"27a3663\" data-element_type=\"container\" data-e-type=\"container\" data-settings=\"{&quot;background_background&quot;:&quot;classic&quot;}\">\n\t\t\t\t\t<div class=\"e-con-inner\">\n\t\t\t\t<div class=\"elementor-element elementor-element-6a1aa1e elementor-widget__width-initial elementor-widget-tablet__width-inherit elementor-invisible elementor-widget elementor-widget-heading\" data-id=\"6a1aa1e\" data-element_type=\"widget\" data-e-type=\"widget\" data-settings=\"{&quot;_animation&quot;:&quot;fadeInLeft&quot;}\" data-widget_type=\"heading.default\">\n\t\t\t\t\t<h2 class=\"elementor-heading-title elementor-size-default\">Naiara Mart\u00ednez<\/h2>\t\t\t\t<\/div>\n\t\t\t\t<div class=\"elementor-element elementor-element-d148593 elementor-widget__width-initial elementor-widget-tablet__width-inherit elementor-invisible elementor-widget elementor-widget-text-editor\" data-id=\"d148593\" data-element_type=\"widget\" data-e-type=\"widget\" data-settings=\"{&quot;_animation&quot;:&quot;fadeInUp&quot;}\" data-widget_type=\"text-editor.default\">\n\t\t\t\t\t\t\t\t\t<p>Servicios<\/p>\t\t\t\t\t\t\t\t<\/div>\n\t\t\t\t<div class=\"elementor-element elementor-element-03f23dc elementor-widget elementor-widget-button\" data-id=\"03f23dc\" data-element_type=\"widget\" data-e-type=\"widget\" data-widget_type=\"button.default\">\n\t\t\t\t\t\t\t\t\t\t<a class=\"elementor-button elementor-button-link elementor-size-sm\" href=\"https:\/\/naiaramartinezhaircare.com\/tienda\/\">\n\t\t\t\t\t\t<span class=\"elementor-button-content-wrapper\">\n\t\t\t\t\t\t\t\t\t<span class=\"elementor-button-text\">TIENDA<\/span>\n\t\t\t\t\t<\/span>\n\t\t\t\t\t<\/a>\n\t\t\t\t\t\t\t\t<\/div>\n\t\t\t\t\t<\/div>\n\t\t\t\t<\/div>\n\t\t<div class=\"elementor-element elementor-element-9847434 e-flex e-con-boxed e-con e-parent\" data-id=\"9847434\" data-element_type=\"container\" data-e-type=\"container\">\n\t\t\t\t\t<div class=\"e-con-inner\">\n\t\t<div class=\"elementor-element elementor-element-ef81275 e-con-full e-flex e-con e-child\" data-id=\"ef81275\" data-element_type=\"container\" data-e-type=\"container\" data-settings=\"{&quot;background_background&quot;:&quot;classic&quot;}\">\n\t\t\t\t<div class=\"elementor-element elementor-element-4dd801f elementor-widget elementor-widget-heading\" data-id=\"4dd801f\" data-element_type=\"widget\" data-e-type=\"widget\" data-widget_type=\"heading.default\">\n\t\t\t\t\t<h2 class=\"elementor-heading-title elementor-size-default\">Coloraci\u00f3n profesional<\/h2>\t\t\t\t<\/div>\n\t\t\t\t<div class=\"elementor-element elementor-element-99050d4 elementor-widget elementor-widget-text-editor\" data-id=\"99050d4\" data-element_type=\"widget\" data-e-type=\"widget\" data-widget_type=\"text-editor.default\">\n\t\t\t\t\t\t\t\t\t<ul><li data-start=\"331\" data-end=\"395\"><p data-start=\"333\" data-end=\"395\">Babylights, Highlights, Californianas, Blonde y Brunette<\/p><\/li><li data-start=\"396\" data-end=\"444\"><p data-start=\"398\" data-end=\"444\">Correcci\u00f3n de color y matices personalizados<\/p><\/li><li data-start=\"445\" data-end=\"517\"><p data-start=\"447\" data-end=\"517\">Asesor\u00eda profesional para elegir el tono que mejor resalta tu estilo<\/p><\/li><\/ul>\t\t\t\t\t\t\t\t<\/div>\n\t\t\t\t<\/div>\n\t\t<div class=\"elementor-element elementor-element-1f3484d e-con-full e-flex e-con e-child\" data-id=\"1f3484d\" data-element_type=\"container\" data-e-type=\"container\" data-settings=\"{&quot;background_background&quot;:&quot;classic&quot;}\">\n\t\t\t\t<div class=\"elementor-element elementor-element-6621c44 elementor-widget elementor-widget-heading\" data-id=\"6621c44\" data-element_type=\"widget\" data-e-type=\"widget\" data-widget_type=\"heading.default\">\n\t\t\t\t\t<h2 class=\"elementor-heading-title elementor-size-default\">Cortes actuales para todos<\/h2>\t\t\t\t<\/div>\n\t\t\t\t<div class=\"elementor-element elementor-element-afd9706 elementor-widget elementor-widget-text-editor\" data-id=\"afd9706\" data-element_type=\"widget\" data-e-type=\"widget\" data-widget_type=\"text-editor.default\">\n\t\t\t\t\t\t\t\t\t<ul><li data-start=\"555\" data-end=\"599\"><p data-start=\"557\" data-end=\"599\">Cortes unisex con las \u00faltimas tendencias<\/p><\/li><li data-start=\"600\" data-end=\"677\"><p data-start=\"602\" data-end=\"677\">Estilos modernos para ni\u00f1os y beb\u00e9s, con especial cuidado y paciencia<\/p><\/li><li data-start=\"678\" data-end=\"737\"><p data-start=\"680\" data-end=\"737\">Acabados frescos, c\u00f3modos y adaptados a tu personalidad<\/p><\/li><\/ul>\t\t\t\t\t\t\t\t<\/div>\n\t\t\t\t<\/div>\n\t\t\t\t\t<\/div>\n\t\t\t\t<\/div>\n\t\t<div class=\"elementor-element elementor-element-48128a9 e-flex e-con-boxed e-con e-parent\" data-id=\"48128a9\" data-element_type=\"container\" data-e-type=\"container\">\n\t\t\t\t\t<div class=\"e-con-inner\">\n\t\t<div class=\"elementor-element elementor-element-e45398e e-con-full e-flex e-con e-child\" data-id=\"e45398e\" data-element_type=\"container\" data-e-type=\"container\" data-settings=\"{&quot;background_background&quot;:&quot;classic&quot;}\">\n\t\t\t\t<div class=\"elementor-element elementor-element-bad5722 elementor-widget elementor-widget-heading\" data-id=\"bad5722\" data-element_type=\"widget\" data-e-type=\"widget\" data-widget_type=\"heading.default\">\n\t\t\t\t\t<h2 class=\"elementor-heading-title elementor-size-default\">Tratamientos capilares<\/h2>\t\t\t\t<\/div>\n\t\t\t\t<div class=\"elementor-element elementor-element-4f1e2a2 elementor-widget elementor-widget-text-editor\" data-id=\"4f1e2a2\" data-element_type=\"widget\" data-e-type=\"widget\" data-widget_type=\"text-editor.default\">\n\t\t\t\t\t\t\t\t\t<ul><li data-start=\"867\" data-end=\"919\"><p data-start=\"869\" data-end=\"919\">Spa capilar: nutrici\u00f3n profunda y relajaci\u00f3n<\/p><\/li><li data-start=\"920\" data-end=\"990\"><p data-start=\"922\" data-end=\"990\">Laminoplex y Olaplex: reparaci\u00f3n desde el interior de la fibra<\/p><\/li><li data-start=\"991\" data-end=\"1049\"><p data-start=\"993\" data-end=\"1049\">Botox capilar: suavidad, brillo y rejuvenecimiento<\/p><\/li><li data-start=\"1050\" data-end=\"1124\"><p data-start=\"1052\" data-end=\"1124\">Moldeador y alisados: domar y transformar la textura de tu cabello<\/p><\/li><\/ul>\t\t\t\t\t\t\t\t<\/div>\n\t\t\t\t<\/div>\n\t\t<div class=\"elementor-element elementor-element-c12f006 e-con-full e-flex e-con e-child\" data-id=\"c12f006\" data-element_type=\"container\" data-e-type=\"container\" data-settings=\"{&quot;background_background&quot;:&quot;classic&quot;}\">\n\t\t\t\t<div class=\"elementor-element elementor-element-f293d8f elementor-widget elementor-widget-heading\" data-id=\"f293d8f\" data-element_type=\"widget\" data-e-type=\"widget\" data-widget_type=\"heading.default\">\n\t\t\t\t\t<h2 class=\"elementor-heading-title elementor-size-default\">T\u00e9cnicas de secado y ondas<\/h2>\t\t\t\t<\/div>\n\t\t\t\t<div class=\"elementor-element elementor-element-c94371f elementor-widget elementor-widget-text-editor\" data-id=\"c94371f\" data-element_type=\"widget\" data-e-type=\"widget\" data-widget_type=\"text-editor.default\">\n\t\t\t\t\t\t\t\t\t<ul><li data-start=\"1162\" data-end=\"1207\"><p data-start=\"1164\" data-end=\"1207\">Ondas naturales, glamurosas o de pasarela<\/p><\/li><li data-start=\"1208\" data-end=\"1244\"><p data-start=\"1210\" data-end=\"1244\">Brushing con acabado profesional<\/p><\/li><li data-start=\"1245\" data-end=\"1289\"><p data-start=\"1247\" data-end=\"1289\">Peinados para cualquier ocasi\u00f3n especial<\/p><\/li><\/ul>\t\t\t\t\t\t\t\t<\/div>\n\t\t\t\t<\/div>\n\t\t<div class=\"elementor-element elementor-element-0677fb0 e-con-full e-flex e-con e-child\" data-id=\"0677fb0\" data-element_type=\"container\" data-e-type=\"container\" data-settings=\"{&quot;background_background&quot;:&quot;classic&quot;}\">\n\t\t\t\t<div class=\"elementor-element elementor-element-037a04d elementor-widget elementor-widget-heading\" data-id=\"037a04d\" data-element_type=\"widget\" data-e-type=\"widget\" data-widget_type=\"heading.default\">\n\t\t\t\t\t<h2 class=\"elementor-heading-title elementor-size-default\">T\u00e9cnicas de secado y ondas<\/h2>\t\t\t\t<\/div>\n\t\t\t\t<div class=\"elementor-element elementor-element-2423c04 elementor-widget elementor-widget-text-editor\" data-id=\"2423c04\" data-element_type=\"widget\" data-e-type=\"widget\" data-widget_type=\"text-editor.default\">\n\t\t\t\t\t\t\t\t\t<ul><li data-start=\"1162\" data-end=\"1207\"><p data-start=\"1164\" data-end=\"1207\">Ondas naturales, glamurosas o de pasarela<\/p><\/li><li data-start=\"1208\" data-end=\"1244\"><p data-start=\"1210\" data-end=\"1244\">Brushing con acabado profesional<\/p><\/li><li data-start=\"1245\" data-end=\"1289\"><p data-start=\"1247\" data-end=\"1289\">Peinados para cualquier ocasi\u00f3n especial<\/p><\/li><\/ul>\t\t\t\t\t\t\t\t<\/div>\n\t\t\t\t<\/div>\n\t\t\t\t\t<\/div>\n\t\t\t\t<\/div>\n\t\t<div class=\"elementor-element elementor-element-e6c6018 e-con-full e-flex e-con e-parent\" data-id=\"e6c6018\" data-element_type=\"container\" data-e-type=\"container\" data-settings=\"{&quot;background_background&quot;:&quot;classic&quot;}\">\n\t\t\t\t<div class=\"elementor-element elementor-element-cc245fe elementor-cta--skin-cover elementor-cta--valign-middle elementor-animated-content elementor-bg-transform elementor-bg-transform-zoom-in elementor-widget elementor-widget-call-to-action\" data-id=\"cc245fe\" data-element_type=\"widget\" data-e-type=\"widget\" data-widget_type=\"call-to-action.default\">\n\t\t\t\t\t\t\t<div class=\"elementor-cta\">\n\t\t\t\t\t<div class=\"elementor-cta__bg-wrapper\">\n\t\t\t\t<div class=\"elementor-cta__bg elementor-bg\" style=\"background-image: url(https:\/\/naiaramartinezhaircare.com\/wp-content\/uploads\/2025\/09\/44061-1024x256.jpg);\" role=\"img\" aria-label=\"44061\"><\/div>\n\t\t\t\t<div class=\"elementor-cta__bg-overlay\"><\/div>\n\t\t\t<\/div>\n\t\t\t\t\t\t\t<div class=\"elementor-cta__content\">\n\t\t\t\t\n\t\t\t\t\t\t\t\t\t<h2 class=\"elementor-cta__title elementor-cta__content-item elementor-content-item elementor-animated-item--grow\">\n\t\t\t\t\t\tTu nueva imagen empieza aqu\u00ed\t\t\t\t\t<\/h2>\n\t\t\t\t\n\t\t\t\t\t\t\t\t\t<div class=\"elementor-cta__description elementor-cta__content-item elementor-content-item elementor-animated-item--grow\">\n\t\t\t\t\t\tReserva tu cita y luce el cabello que siempre has so\u00f1ado.\t\t\t\t\t<\/div>\n\t\t\t\t\n\t\t\t\t\t\t\t\t\t<div class=\"elementor-cta__button-wrapper elementor-cta__content-item elementor-content-item elementor-animated-item--grow\">\n\t\t\t\t\t<a class=\"elementor-cta__button elementor-button elementor-size-\" href=\"https:\/\/naiaramartinezhaircare.com\/contacto\/\">\n\t\t\t\t\t\tCONTACTO\t\t\t\t\t<\/a>\n\t\t\t\t\t<\/div>\n\t\t\t\t\t\t\t<\/div>\n\t\t\t\t\t\t<\/div>\n\t\t\t\t\t\t<\/div>\n\t\t\t\t<\/div>\n\t\t\t\t<\/div>","protected":false},"excerpt":{"rendered":"<p>Naiara Mart\u00ednez Servicios TIENDA Coloraci\u00f3n profesional Babylights, Highlights, Californianas, Blonde y Brunette Correcci\u00f3n de color y matices personalizados Asesor\u00eda profesional para elegir el tono que mejor resalta tu estilo Cortes actuales para todos Cortes unisex con las \u00faltimas tendencias Estilos modernos para ni\u00f1os y beb\u00e9s, con especial cuidado y paciencia Acabados frescos, c\u00f3modos y adaptados [&hellip;]<\/p>\n","protected":false},"author":1,"featured_media":0,"parent":0,"menu_order":0,"comment_status":"closed","ping_status":"closed","template":"elementor_canvas","meta":{"footnotes":""},"class_list":["post-328","page","type-page","status-publish","hentry"],"yoast_head":"<!-- This site is optimized with the Yoast SEO plugin v27.3 - https:\/\/yoast.com\/product\/yoast-seo-wordpress\/ -->\n<title>Servicios - Naiara Mart\u00ednez Hair Care<\/title>\n<meta name=\"robots\" content=\"index, follow, max-snippet:-1, max-image-preview:large, max-video-preview:-1\" \/>\n<link rel=\"canonical\" href=\"https:\/\/naiaramartinezhaircare.com\/en\/servicios\/\" \/>\n<meta property=\"og:locale\" content=\"en_GB\" \/>\n<meta property=\"og:type\" content=\"article\" \/>\n<meta property=\"og:title\" content=\"Servicios - Naiara Mart\u00ednez Hair Care\" \/>\n<meta property=\"og:description\" content=\"Naiara Mart\u00ednez Servicios TIENDA Coloraci\u00f3n profesional Babylights, Highlights, Californianas, Blonde y Brunette Correcci\u00f3n de color y matices personalizados Asesor\u00eda profesional para elegir el tono que mejor resalta tu estilo Cortes actuales para todos Cortes unisex con las \u00faltimas tendencias Estilos modernos para ni\u00f1os y beb\u00e9s, con especial cuidado y paciencia Acabados frescos, c\u00f3modos y adaptados [&hellip;]\" \/>\n<meta property=\"og:url\" content=\"https:\/\/naiaramartinezhaircare.com\/en\/servicios\/\" \/>\n<meta property=\"og:site_name\" content=\"Naiara Mart\u00ednez Hair Care\" \/>\n<meta property=\"article:modified_time\" content=\"2025-10-02T16:05:25+00:00\" \/>\n<meta name=\"twitter:card\" content=\"summary_large_image\" \/>\n<meta name=\"twitter:label1\" content=\"Estimated reading time\" \/>\n\t<meta name=\"twitter:data1\" content=\"1 minute\" \/>\n<script type=\"application\/ld+json\" class=\"yoast-schema-graph\">{\"@context\":\"https:\\\/\\\/schema.org\",\"@graph\":[{\"@type\":\"WebPage\",\"@id\":\"https:\\\/\\\/naiaramartinezhaircare.com\\\/servicios\\\/\",\"url\":\"https:\\\/\\\/naiaramartinezhaircare.com\\\/servicios\\\/\",\"name\":\"Servicios - Naiara Mart\u00ednez Hair Care\",\"isPartOf\":{\"@id\":\"https:\\\/\\\/naiaramartinezhaircare.com\\\/#website\"},\"datePublished\":\"2025-09-30T16:12:42+00:00\",\"dateModified\":\"2025-10-02T16:05:25+00:00\",\"breadcrumb\":{\"@id\":\"https:\\\/\\\/naiaramartinezhaircare.com\\\/servicios\\\/#breadcrumb\"},\"inLanguage\":\"en-GB\",\"potentialAction\":[{\"@type\":\"ReadAction\",\"target\":[\"https:\\\/\\\/naiaramartinezhaircare.com\\\/servicios\\\/\"]}]},{\"@type\":\"BreadcrumbList\",\"@id\":\"https:\\\/\\\/naiaramartinezhaircare.com\\\/servicios\\\/#breadcrumb\",\"itemListElement\":[{\"@type\":\"ListItem\",\"position\":1,\"name\":\"Portada\",\"item\":\"https:\\\/\\\/naiaramartinezhaircare.com\\\/\"},{\"@type\":\"ListItem\",\"position\":2,\"name\":\"Servicios\"}]},{\"@type\":\"WebSite\",\"@id\":\"https:\\\/\\\/naiaramartinezhaircare.com\\\/#website\",\"url\":\"https:\\\/\\\/naiaramartinezhaircare.com\\\/\",\"name\":\"Naiara Mart\u00ednez Hair Care\",\"description\":\"Cuidado del cabello\",\"publisher\":{\"@id\":\"https:\\\/\\\/naiaramartinezhaircare.com\\\/#organization\"},\"potentialAction\":[{\"@type\":\"SearchAction\",\"target\":{\"@type\":\"EntryPoint\",\"urlTemplate\":\"https:\\\/\\\/naiaramartinezhaircare.com\\\/?s={search_term_string}\"},\"query-input\":{\"@type\":\"PropertyValueSpecification\",\"valueRequired\":true,\"valueName\":\"search_term_string\"}}],\"inLanguage\":\"en-GB\"},{\"@type\":\"Organization\",\"@id\":\"https:\\\/\\\/naiaramartinezhaircare.com\\\/#organization\",\"name\":\"Naiara Mart\u00ednez Hair Care\",\"url\":\"https:\\\/\\\/naiaramartinezhaircare.com\\\/\",\"logo\":{\"@type\":\"ImageObject\",\"inLanguage\":\"en-GB\",\"@id\":\"https:\\\/\\\/naiaramartinezhaircare.com\\\/#\\\/schema\\\/logo\\\/image\\\/\",\"url\":\"https:\\\/\\\/naiaramartinezhaircare.com\\\/wp-content\\\/uploads\\\/2025\\\/09\\\/cropped-Diseno-sin-titulo-2.png\",\"contentUrl\":\"https:\\\/\\\/naiaramartinezhaircare.com\\\/wp-content\\\/uploads\\\/2025\\\/09\\\/cropped-Diseno-sin-titulo-2.png\",\"width\":467,\"height\":130,\"caption\":\"Naiara Mart\u00ednez Hair Care\"},\"image\":{\"@id\":\"https:\\\/\\\/naiaramartinezhaircare.com\\\/#\\\/schema\\\/logo\\\/image\\\/\"}}]}<\/script>\n<!-- \/ Yoast SEO plugin. -->","yoast_head_json":{"title":"Servicios - Naiara Mart\u00ednez Hair Care","robots":{"index":"index","follow":"follow","max-snippet":"max-snippet:-1","max-image-preview":"max-image-preview:large","max-video-preview":"max-video-preview:-1"},"canonical":"https:\/\/naiaramartinezhaircare.com\/en\/servicios\/","og_locale":"en_GB","og_type":"article","og_title":"Servicios - Naiara Mart\u00ednez Hair Care","og_description":"Naiara Mart\u00ednez Servicios TIENDA Coloraci\u00f3n profesional Babylights, Highlights, Californianas, Blonde y Brunette Correcci\u00f3n de color y matices personalizados Asesor\u00eda profesional para elegir el tono que mejor resalta tu estilo Cortes actuales para todos Cortes unisex con las \u00faltimas tendencias Estilos modernos para ni\u00f1os y beb\u00e9s, con especial cuidado y paciencia Acabados frescos, c\u00f3modos y adaptados [&hellip;]","og_url":"https:\/\/naiaramartinezhaircare.com\/en\/servicios\/","og_site_name":"Naiara Mart\u00ednez Hair Care","article_modified_time":"2025-10-02T16:05:25+00:00","twitter_card":"summary_large_image","twitter_misc":{"Estimated reading time":"1 minute"},"schema":{"@context":"https:\/\/schema.org","@graph":[{"@type":"WebPage","@id":"https:\/\/naiaramartinezhaircare.com\/servicios\/","url":"https:\/\/naiaramartinezhaircare.com\/servicios\/","name":"Servicios - Naiara Mart\u00ednez Hair Care","isPartOf":{"@id":"https:\/\/naiaramartinezhaircare.com\/#website"},"datePublished":"2025-09-30T16:12:42+00:00","dateModified":"2025-10-02T16:05:25+00:00","breadcrumb":{"@id":"https:\/\/naiaramartinezhaircare.com\/servicios\/#breadcrumb"},"inLanguage":"en-GB","potentialAction":[{"@type":"ReadAction","target":["https:\/\/naiaramartinezhaircare.com\/servicios\/"]}]},{"@type":"BreadcrumbList","@id":"https:\/\/naiaramartinezhaircare.com\/servicios\/#breadcrumb","itemListElement":[{"@type":"ListItem","position":1,"name":"Portada","item":"https:\/\/naiaramartinezhaircare.com\/"},{"@type":"ListItem","position":2,"name":"Servicios"}]},{"@type":"WebSite","@id":"https:\/\/naiaramartinezhaircare.com\/#website","url":"https:\/\/naiaramartinezhaircare.com\/","name":"Naiara Mart\u00ednez Hair Care","description":"Cuidado del cabello","publisher":{"@id":"https:\/\/naiaramartinezhaircare.com\/#organization"},"potentialAction":[{"@type":"SearchAction","target":{"@type":"EntryPoint","urlTemplate":"https:\/\/naiaramartinezhaircare.com\/?s={search_term_string}"},"query-input":{"@type":"PropertyValueSpecification","valueRequired":true,"valueName":"search_term_string"}}],"inLanguage":"en-GB"},{"@type":"Organization","@id":"https:\/\/naiaramartinezhaircare.com\/#organization","name":"Naiara Mart\u00ednez Hair Care","url":"https:\/\/naiaramartinezhaircare.com\/","logo":{"@type":"ImageObject","inLanguage":"en-GB","@id":"https:\/\/naiaramartinezhaircare.com\/#\/schema\/logo\/image\/","url":"https:\/\/naiaramartinezhaircare.com\/wp-content\/uploads\/2025\/09\/cropped-Diseno-sin-titulo-2.png","contentUrl":"https:\/\/naiaramartinezhaircare.com\/wp-content\/uploads\/2025\/09\/cropped-Diseno-sin-titulo-2.png","width":467,"height":130,"caption":"Naiara Mart\u00ednez Hair Care"},"image":{"@id":"https:\/\/naiaramartinezhaircare.com\/#\/schema\/logo\/image\/"}}]}},"_links":{"self":[{"href":"https:\/\/naiaramartinezhaircare.com\/en\/wp-json\/wp\/v2\/pages\/328","targetHints":{"allow":["GET"]}}],"collection":[{"href":"https:\/\/naiaramartinezhaircare.com\/en\/wp-json\/wp\/v2\/pages"}],"about":[{"href":"https:\/\/naiaramartinezhaircare.com\/en\/wp-json\/wp\/v2\/types\/page"}],"author":[{"embeddable":true,"href":"https:\/\/naiaramartinezhaircare.com\/en\/wp-json\/wp\/v2\/users\/1"}],"replies":[{"embeddable":true,"href":"https:\/\/naiaramartinezhaircare.com\/en\/wp-json\/wp\/v2\/comments?post=328"}],"version-history":[{"count":40,"href":"https:\/\/naiaramartinezhaircare.com\/en\/wp-json\/wp\/v2\/pages\/328\/revisions"}],"predecessor-version":[{"id":405,"href":"https:\/\/naiaramartinezhaircare.com\/en\/wp-json\/wp\/v2\/pages\/328\/revisions\/405"}],"wp:attachment":[{"href":"https:\/\/naiaramartinezhaircare.com\/en\/wp-json\/wp\/v2\/media?parent=328"}],"curies":[{"name":"wp","href":"https:\/\/api.w.org\/{rel}","templated":true}]}}